{"id":10,"date":"2014-07-28T13:05:46","date_gmt":"2014-07-28T11:05:46","guid":{"rendered":"http:\/\/www.moderneseiten.de\/newmodsite\/?page_id=10"},"modified":"2014-10-31T20:24:36","modified_gmt":"2014-10-31T18:24:36","slug":"chemie-physik","status":"publish","type":"page","link":"https:\/\/www.moderneseiten.de\/newmodsite\/portfolio\/chemie-physik\/","title":{"rendered":"Chemie &#038; Physik"},"content":{"rendered":"<p>&nbsp;<\/p>\n<h2><a title=\"Reihe: Studienstarter \u2014 Charit\u00e9 Berlin \u2014 Titel: Titration\" href=\"http:\/\/www.moderneseiten.de\/newmodsite\/2011\/09\/01\/reihe-studienstarter-titel-titration\/\">Reihe: Studienstarter \u2014 Charit\u00e9 Berlin \u2014 Titel: Titration<\/a><\/h2>\n<h6><a title=\"Reihe: Studienstarter \u2014 Charit\u00e9 Berlin \u2014 Titel: Titration\" href=\"http:\/\/www.moderneseiten.de\/newmodsite\/2011\/09\/01\/reihe-studienstarter-titel-titration\/\">[&#8230;] \u2192 \u2192 \u2192<\/a><\/h6>\n<p><a title=\"Reihe: Studienstarter \u2014 Charit\u00e9 Berlin \u2014 Titel: Titration\" href=\"http:\/\/www.moderneseiten.de\/newmodsite\/2011\/09\/01\/reihe-studienstarter-titel-titration\/\"><img decoding=\"async\" loading=\"lazy\" class=\"alignnone wp-image-1139 size-thumbnail\" style=\"max-width: 300px;\" src=\"http:\/\/www.moderneseiten.de\/newmodsite\/wp-content\/uploads\/2014\/10\/titration_7-300x236.jpg\" alt=\"\" width=\"300\" height=\"236\" srcset=\"https:\/\/www.moderneseiten.de\/newmodsite\/wp-content\/uploads\/2014\/10\/titration_7-300x236.jpg 300w, https:\/\/www.moderneseiten.de\/newmodsite\/wp-content\/uploads\/2014\/10\/titration_7-620x488.jpg 620w, https:\/\/www.moderneseiten.de\/newmodsite\/wp-content\/uploads\/2014\/10\/titration_7.jpg 825w\" sizes=\"(max-width: 300px) 100vw, 300px\" \/><img decoding=\"async\" loading=\"lazy\" class=\"alignnone wp-image-1135 size-thumbnail\" style=\"max-width: 300px;\" src=\"http:\/\/www.moderneseiten.de\/newmodsite\/wp-content\/uploads\/2014\/10\/titration_3-300x236.jpg\" alt=\"\" width=\"300\" height=\"236\" srcset=\"https:\/\/www.moderneseiten.de\/newmodsite\/wp-content\/uploads\/2014\/10\/titration_3-300x236.jpg 300w, https:\/\/www.moderneseiten.de\/newmodsite\/wp-content\/uploads\/2014\/10\/titration_3-620x488.jpg 620w, https:\/\/www.moderneseiten.de\/newmodsite\/wp-content\/uploads\/2014\/10\/titration_3.jpg 825w\" sizes=\"(max-width: 300px) 100vw, 300px\" \/><\/a><\/p>\n<p>9\/2011- Cornelsen Schulverlage GmbH Berlin &#8211; Redaktion: Chemie\/Physik &#8211; Reihe: Studienstarter &#8211; Charit\u00e9 Berlin &#8211; Titration<\/p>\n<p><em>Programmierung, Gestaltung, Realisation:<\/em> Sven Lochmann\/moderneseiten.de<br \/>\n<em>Feinkonzept:<\/em> Sven Lochmann\/moderneseiten.de und Dr. David Richter<br \/>\n<em>Autoren, Idee, Konzep und Redaktiont:<\/em> Dr. David Richter<\/p>\n<p>2011 (online Lernmaterial der Charit\u00e9, Berlin &#8211; Br\u00fcckenkurse f\u00fcr angehende Medizinerinnen und Mediziner &#8211; <a title=\"http:\/\/www.charite.de\/studium_lehre\/aktuelles\/artikel\/detail\/brueckenkurse_fuer_angehende_medizinerinnen_und_mediziner\/\" href=\"http:\/\/www.charite.de\/studium_lehre\/aktuelles\/artikel\/detail\/brueckenkurse_fuer_angehende_medizinerinnen_und_mediziner\/http:\/\/www.charite.de\/\" target=\"_blank\">http:\/\/www.charite.de\/<\/a>)<\/p>\n<p>&nbsp;<\/p>\n<p>&nbsp;<\/p>\n<p>&nbsp;<\/p>\n<p>&nbsp;<\/p>\n<h2><a title=\"Reihe: Studienstarter \u2014 Charit\u00e9 Berlin \u2014 Titel: Dynamisches Gleichgewicht\" href=\"http:\/\/www.moderneseiten.de\/newmodsite\/2010\/11\/01\/reihe-studienstarter-titel-dynamisches-gleichgewicht\/\">Reihe: Studienstarter \u2014 Charit\u00e9 Berlin \u2014 Titel: Dynamisches Gleichgewicht<\/a><\/h2>\n<h6><a title=\"Reihe: Studienstarter \u2014 Charit\u00e9 Berlin \u2014 Titel: Dynamisches Gleichgewicht\" href=\"http:\/\/www.moderneseiten.de\/newmodsite\/2010\/11\/01\/reihe-studienstarter-titel-dynamisches-gleichgewicht\/\">[&#8230;] \u2192 \u2192 \u2192<\/a><\/h6>\n<p><a title=\"Reihe: Studienstarter \u2014 Charit\u00e9 Berlin \u2014 Titel: Dynamisches Gleichgewicht\" href=\"http:\/\/www.moderneseiten.de\/newmodsite\/2010\/11\/01\/reihe-studienstarter-titel-dynamisches-gleichgewicht\/\"><img decoding=\"async\" loading=\"lazy\" class=\"alignnone wp-image-1153 size-thumbnail\" style=\"max-width: 300px;\" src=\"http:\/\/www.moderneseiten.de\/newmodsite\/wp-content\/uploads\/2014\/10\/dyn_gw_10-300x236.jpg\" alt=\"\" width=\"300\" height=\"236\" srcset=\"https:\/\/www.moderneseiten.de\/newmodsite\/wp-content\/uploads\/2014\/10\/dyn_gw_10-300x236.jpg 300w, https:\/\/www.moderneseiten.de\/newmodsite\/wp-content\/uploads\/2014\/10\/dyn_gw_10-620x488.jpg 620w, https:\/\/www.moderneseiten.de\/newmodsite\/wp-content\/uploads\/2014\/10\/dyn_gw_10.jpg 825w\" sizes=\"(max-width: 300px) 100vw, 300px\" \/><img decoding=\"async\" loading=\"lazy\" class=\"alignnone wp-image-1144 size-thumbnail\" style=\"max-width: 300px;\" src=\"http:\/\/www.moderneseiten.de\/newmodsite\/wp-content\/uploads\/2014\/10\/dyn_gw_1-300x236.jpg\" alt=\"\" width=\"300\" height=\"236\" srcset=\"https:\/\/www.moderneseiten.de\/newmodsite\/wp-content\/uploads\/2014\/10\/dyn_gw_1-300x236.jpg 300w, https:\/\/www.moderneseiten.de\/newmodsite\/wp-content\/uploads\/2014\/10\/dyn_gw_1-620x488.jpg 620w, https:\/\/www.moderneseiten.de\/newmodsite\/wp-content\/uploads\/2014\/10\/dyn_gw_1.jpg 825w\" sizes=\"(max-width: 300px) 100vw, 300px\" \/><\/a><br \/>\n11\/2010- Cornelsen Schulverlage GmbH Berlin &#8211; Redaktion: Chemie\/Physik &#8211; Reihe: Studienstarter &#8211; Charit\u00e9 Berlin &#8211; Dynamisches Gleichgewicht<\/p>\n<p><em>Programmierung, Gestaltung, Realisation:<\/em> Sven Lochmann\/moderneseiten.de<br \/>\n<em>Feinkonzept:<\/em> Sven Lochmann\/moderneseiten.de und Dr. David Richter<br \/>\n<em>Autoren, Idee, Konzep und Redaktiont:<\/em> Dr. David Richter<\/p>\n<p>2011 (online Lernmaterial der Charit\u00e9, Berlin &#8211; Br\u00fcckenkurse f\u00fcr angehende Medizinerinnen und Mediziner &#8211; <a title=\"http:\/\/www.charite.de\/studium_lehre\/aktuelles\/artikel\/detail\/brueckenkurse_fuer_angehende_medizinerinnen_und_mediziner\/\" href=\"http:\/\/www.charite.de\/studium_lehre\/aktuelles\/artikel\/detail\/brueckenkurse_fuer_angehende_medizinerinnen_und_mediziner\/http:\/\/www.charite.de\/\" target=\"_blank\">http:\/\/www.charite.de\/<\/a>)<\/p>\n<p>&nbsp;<\/p>\n<p>&nbsp;<\/p>\n<p>&nbsp;<\/p>\n<p>&nbsp;<\/p>\n","protected":false},"excerpt":{"rendered":"<p>&nbsp; Reihe: Studienstarter \u2014 Charit\u00e9 Berlin \u2014 Titel: Titration [&#8230;] \u2192 \u2192 \u2192 9\/2011- Cornelsen Schulverlage GmbH Berlin &#8211;.<\/p>\n","protected":false},"author":1,"featured_media":0,"parent":188,"menu_order":0,"comment_status":"closed","ping_status":"closed","template":"layout-sidebar-content.php","meta":[],"_links":{"self":[{"href":"https:\/\/www.moderneseiten.de\/newmodsite\/wp-json\/wp\/v2\/pages\/10"}],"collection":[{"href":"https:\/\/www.moderneseiten.de\/newmodsite\/wp-json\/wp\/v2\/pages"}],"about":[{"href":"https:\/\/www.moderneseiten.de\/newmodsite\/wp-json\/wp\/v2\/types\/page"}],"author":[{"embeddable":true,"href":"https:\/\/www.moderneseiten.de\/newmodsite\/wp-json\/wp\/v2\/users\/1"}],"replies":[{"embeddable":true,"href":"https:\/\/www.moderneseiten.de\/newmodsite\/wp-json\/wp\/v2\/comments?post=10"}],"version-history":[{"count":7,"href":"https:\/\/www.moderneseiten.de\/newmodsite\/wp-json\/wp\/v2\/pages\/10\/revisions"}],"predecessor-version":[{"id":1364,"href":"https:\/\/www.moderneseiten.de\/newmodsite\/wp-json\/wp\/v2\/pages\/10\/revisions\/1364"}],"up":[{"embeddable":true,"href":"https:\/\/www.moderneseiten.de\/newmodsite\/wp-json\/wp\/v2\/pages\/188"}],"wp:attachment":[{"href":"https:\/\/www.moderneseiten.de\/newmodsite\/wp-json\/wp\/v2\/media?parent=10"}],"curies":[{"name":"wp","href":"https:\/\/api.w.org\/{rel}","templated":true}]}}