{"id":527,"date":"2014-09-29T12:31:50","date_gmt":"2014-09-29T10:31:50","guid":{"rendered":"http:\/\/www.moderneseiten.de\/newmodsite\/?page_id=527"},"modified":"2014-11-04T14:57:26","modified_gmt":"2014-11-04T12:57:26","slug":"unterricht","status":"publish","type":"page","link":"https:\/\/www.moderneseiten.de\/newmodsite\/portfolio\/unterricht\/","title":{"rendered":"Unterricht"},"content":{"rendered":"<p>Nebenberuflich habe ich \u00fcber 10 Jahre als freier Dozent Mediengestalter und Fachinformatiker (IHK) ausgebildet und dabei zahlreiche Lernsoftwarekomponenten f\u00fcr den Unterricht entwickelt und eingesetzt.<\/p>\n<p>Kernbereich:<br \/>\n\/\/ Adobe Flash<br \/>\n\/\/ Apache Flex (Adobe Flex)<br \/>\n\/\/ Adobe Director<\/p>\n<p>im Zusammenhang mit:<br \/>\nPHP, XML, MYSQL, XHTML, CSS<\/p>\n<p>\/\/ Entwurfsgrundlagen &amp; Kreativtechniken (Typographie, Farbe, Layout)<\/p>\n<p>&nbsp;<\/p>\n<p>Am meisten Spa\u00df macht dabei die Betreuung Mediengestaltern bei der Entwicklung von crossmedia Produktionen \u00fcber einen l\u00e4ngeren Zeitraum. Lehre und Praxis wechseln sich hierbei ab. Dazu 3 Beispiele:<\/p>\n<p>&nbsp;<\/p>\n<h2><a title=\"Mediengestalter \u2013 Coffeeshop\" href=\"http:\/\/www.moderneseiten.de\/newmodsite\/2009\/08\/01\/mediengestalter-coffeeshop\/\">CORPORATE IDENTITY \u2013 ZWEI COFFEESHOPS<\/a><\/h2>\n<h6><a title=\"Mediengestalter \u2013 Coffeeshop\" href=\"http:\/\/www.moderneseiten.de\/newmodsite\/2009\/08\/01\/mediengestalter-coffeeshop\/\">[&#8230;] \u2192 \u2192 \u2192<\/a><\/h6>\n<p><a href=\"http:\/\/www.moderneseiten.de\/newmodsite\/wp-content\/uploads\/2014\/11\/Coffee_FB_01_P1060211.jpg\"><img decoding=\"async\" loading=\"lazy\" class=\"alignnone wp-image-1534 size-thumbnail\" style=\"max-width: 300px;\" src=\"http:\/\/www.moderneseiten.de\/newmodsite\/wp-content\/uploads\/2014\/11\/Coffee_FB_01_P1060211-300x182.jpg\" alt=\"\" width=\"300\" height=\"182\" srcset=\"https:\/\/www.moderneseiten.de\/newmodsite\/wp-content\/uploads\/2014\/11\/Coffee_FB_01_P1060211-300x182.jpg 300w, https:\/\/www.moderneseiten.de\/newmodsite\/wp-content\/uploads\/2014\/11\/Coffee_FB_01_P1060211-620x377.jpg 620w, https:\/\/www.moderneseiten.de\/newmodsite\/wp-content\/uploads\/2014\/11\/Coffee_FB_01_P1060211.jpg 924w\" sizes=\"(max-width: 300px) 100vw, 300px\" \/><\/a><a href=\"http:\/\/www.moderneseiten.de\/newmodsite\/wp-content\/uploads\/2014\/11\/Coffee_Z25_03_P1060232.jpg\"><img decoding=\"async\" loading=\"lazy\" class=\"alignnone wp-image-1540 size-thumbnail\" style=\"max-width: 300px;\" src=\"http:\/\/www.moderneseiten.de\/newmodsite\/wp-content\/uploads\/2014\/11\/Coffee_Z25_03_P1060232-300x182.jpg\" alt=\"\" width=\"300\" height=\"182\" srcset=\"https:\/\/www.moderneseiten.de\/newmodsite\/wp-content\/uploads\/2014\/11\/Coffee_Z25_03_P1060232-300x182.jpg 300w, https:\/\/www.moderneseiten.de\/newmodsite\/wp-content\/uploads\/2014\/11\/Coffee_Z25_03_P1060232-620x377.jpg 620w, https:\/\/www.moderneseiten.de\/newmodsite\/wp-content\/uploads\/2014\/11\/Coffee_Z25_03_P1060232.jpg 924w\" sizes=\"(max-width: 300px) 100vw, 300px\" \/><\/a><\/p>\n<p>&nbsp;<\/p>\n<p><strong>TITEL<\/strong><br \/>\nCORPORATE IDENTITY \u2013 ZWEI COFFEESHOPS<br \/>\n<strong>THEMA<\/strong><br \/>\nMediengestalter Digital und Print entwickeln die Corporate Identity zweier Coffeeshops in zwei konkurrierenden Teams.<br \/>\n<strong>IDEE UND DURCHF\u00dcHRUNG<\/strong><br \/>\nMirjam Zimmerli und Sven Lochmann f\u00fcr cimdata Medienakademie GmbH | Berlin<br \/>\n<strong>PROJEKTUMFANG<\/strong><br \/>\nMarktanalyse, Konkurrenzanalyse, Entwicklung des CI, Logoentwicklung, Gesch\u00e4ftsausstattung, Werbung, Geschirr, Kleidung, Verpackung, CI-Manual, Webblog (Abstimmung, Teamkommunikation, Projektdokumentation), Ausstellungsterminal, Multimediainstallation, Plakate\/Flyer, Abschlusspr\u00e4sentation<br \/>\n<strong>DAUER<\/strong><br \/>\n10 Wochen<br \/>\n<strong>TECHNIK<\/strong><br \/>\nPhotoshop, InDesign, Illustrator, Flash, XHTML, PHP, Javascript, Klebstoff, Stichs\u00e4ge, etc.<\/p>\n<p>&nbsp;<\/p>\n<p>&nbsp;<\/p>\n<p>&nbsp;<\/p>\n<h2><a title=\"Mediengestalter \u2013 Acai\" href=\"http:\/\/www.moderneseiten.de\/newmodsite\/2008\/08\/01\/mediengestalter-acai\/\">CORPORATE IDENTITY \u2013 CORPORATE ACAI<\/a><\/h2>\n<h6><a title=\"Mediengestalter \u2013 Acai\" href=\"http:\/\/www.moderneseiten.de\/newmodsite\/2008\/08\/01\/mediengestalter-acai\/\">[&#8230;] \u2192 \u2192 \u2192<\/a><\/h6>\n<p><a href=\"http:\/\/www.moderneseiten.de\/newmodsite\/wp-content\/uploads\/2014\/11\/acai_purple_11_P1060208.jpg\"><img decoding=\"async\" loading=\"lazy\" class=\"alignnone wp-image-1507 size-thumbnail\" style=\"max-width: 300px;\" src=\"http:\/\/www.moderneseiten.de\/newmodsite\/wp-content\/uploads\/2014\/11\/acai_purple_11_P1060208-300x182.jpg\" alt=\"\" width=\"300\" height=\"182\" srcset=\"https:\/\/www.moderneseiten.de\/newmodsite\/wp-content\/uploads\/2014\/11\/acai_purple_11_P1060208-300x182.jpg 300w, https:\/\/www.moderneseiten.de\/newmodsite\/wp-content\/uploads\/2014\/11\/acai_purple_11_P1060208-620x377.jpg 620w, https:\/\/www.moderneseiten.de\/newmodsite\/wp-content\/uploads\/2014\/11\/acai_purple_11_P1060208.jpg 924w\" sizes=\"(max-width: 300px) 100vw, 300px\" \/><\/a><a href=\"http:\/\/www.moderneseiten.de\/newmodsite\/wp-content\/uploads\/2014\/11\/acai_coodoo_05_P1060185.jpg\"><img decoding=\"async\" loading=\"lazy\" class=\"alignnone wp-image-1501 size-thumbnail\" style=\"max-width: 300px;\" src=\"http:\/\/www.moderneseiten.de\/newmodsite\/wp-content\/uploads\/2014\/11\/acai_coodoo_05_P1060185-300x182.jpg\" alt=\"\" width=\"300\" height=\"182\" srcset=\"https:\/\/www.moderneseiten.de\/newmodsite\/wp-content\/uploads\/2014\/11\/acai_coodoo_05_P1060185-300x182.jpg 300w, https:\/\/www.moderneseiten.de\/newmodsite\/wp-content\/uploads\/2014\/11\/acai_coodoo_05_P1060185-620x377.jpg 620w, https:\/\/www.moderneseiten.de\/newmodsite\/wp-content\/uploads\/2014\/11\/acai_coodoo_05_P1060185.jpg 924w\" sizes=\"(max-width: 300px) 100vw, 300px\" \/><\/a><\/p>\n<p>&nbsp;<\/p>\n<p><strong>TITEL<\/strong><br \/>\nCORPORATE IDENTITY \u2013 CORPORATE ACAI<br \/>\n<strong>THEMA<\/strong><br \/>\nMediengestalter Digital und Print entwickeln die Corporate Identity verschiedener fiktiver Lifestyleprodukte, gewonnen aus der brasilianischen Acai Frucht.<br \/>\n<strong>IDEE UND DURCHF\u00dcHRUNG<\/strong><br \/>\nMirjam Zimmerli und Sven Lochmann f\u00fcr cimdata Medienakademie GmbH | Berlin<br \/>\n<strong>PROJEKTUMFANG<\/strong><br \/>\nMarktanalyse, Konkurrenzanalyse, Entwicklung des CI, Logoentwicklung, Gesch\u00e4ftsausstattung, Werbung, Verpackung, CI-Manual, Webblog (Abstimmung, Teamkommunikation, Projektdokumentation), Ausstellungsterminal, Multimediainstallation, Plakate\/Flyer, Abschlusspr\u00e4sentation<br \/>\n<strong>DAUER<\/strong><br \/>\n9 Wochen<br \/>\n<strong>TECHNIK<\/strong><br \/>\nPhotoshop, InDesign, Illustrator, Flash, XHTML, PHP, Javascript, Klebstoff, Stichs\u00e4ge, etc.<\/p>\n<p>&nbsp;<\/p>\n<p>&nbsp;<\/p>\n<p>&nbsp;<\/p>\n<h2><a title=\"Mediengestalter \u2013 Corporate Identity Ausstellung\" href=\"http:\/\/www.moderneseiten.de\/newmodsite\/2007\/08\/01\/mediengestalter-corporate-identity-ausstellung\/\">CORPORATE IDENTITY &#8211; GEBRANDMARKT 1.1<\/a><\/h2>\n<h6><a title=\"Mediengestalter \u2013 Corporate Identity Ausstellung\" href=\"http:\/\/www.moderneseiten.de\/newmodsite\/2007\/08\/01\/mediengestalter-corporate-identity-ausstellung\/\">[&#8230;] \u2192 \u2192 \u2192<\/a><\/h6>\n<p><a href=\"http:\/\/www.moderneseiten.de\/newmodsite\/wp-content\/uploads\/2014\/11\/CI_05_Produktion_18.jpg\"><img decoding=\"async\" loading=\"lazy\" class=\"alignnone wp-image-1452 size-thumbnail\" src=\"http:\/\/www.moderneseiten.de\/newmodsite\/wp-content\/uploads\/2014\/11\/CI_05_Produktion_18-300x182.jpg\" alt=\"\" width=\"300\" height=\"182\" srcset=\"https:\/\/www.moderneseiten.de\/newmodsite\/wp-content\/uploads\/2014\/11\/CI_05_Produktion_18-300x182.jpg 300w, https:\/\/www.moderneseiten.de\/newmodsite\/wp-content\/uploads\/2014\/11\/CI_05_Produktion_18-620x377.jpg 620w, https:\/\/www.moderneseiten.de\/newmodsite\/wp-content\/uploads\/2014\/11\/CI_05_Produktion_18.jpg 924w\" sizes=\"(max-width: 300px) 100vw, 300px\" \/><\/a><a href=\"http:\/\/www.moderneseiten.de\/newmodsite\/wp-content\/uploads\/2014\/11\/CI_03_Produktion_14.jpg\"><img decoding=\"async\" loading=\"lazy\" class=\"alignnone wp-image-1450 size-thumbnail\" src=\"http:\/\/www.moderneseiten.de\/newmodsite\/wp-content\/uploads\/2014\/11\/CI_03_Produktion_14-300x182.jpg\" alt=\"\" width=\"300\" height=\"182\" srcset=\"https:\/\/www.moderneseiten.de\/newmodsite\/wp-content\/uploads\/2014\/11\/CI_03_Produktion_14-300x182.jpg 300w, https:\/\/www.moderneseiten.de\/newmodsite\/wp-content\/uploads\/2014\/11\/CI_03_Produktion_14-620x377.jpg 620w, https:\/\/www.moderneseiten.de\/newmodsite\/wp-content\/uploads\/2014\/11\/CI_03_Produktion_14.jpg 924w\" sizes=\"(max-width: 300px) 100vw, 300px\" \/><\/a><\/p>\n<p>&nbsp;<\/p>\n<p><strong>TITEL<\/strong><br \/>\nCORPORATE IDENTITY &#8211; GEBRANDMARKT 1.1<br \/>\n<strong>THEMA<\/strong><br \/>\nMediengestalter Digital und Print entwickeln eine Ausstellung zum Thema Corporate Identity.<br \/>\n<strong>IDEE UND DURCHF\u00dcHRUNG<\/strong><br \/>\nMirjam Zimmerli und Sven Lochmann f\u00fcr cimdata Medienakademie GmbH | Berlin<br \/>\n<strong>PROJEKTUMFANG<\/strong><br \/>\nCorporate Identity, Logodesign, Ausstellungsentwicklung, Webblog (Abstimmung, Teamkommunikation, Projektdokumentation), Ausstellungsterminal, Multimediainstallation, Plakate\/Flyer, Abschlusspr\u00e4sentation<br \/>\n<strong>DAUER<\/strong><br \/>\n12 Wochen<br \/>\n<strong>TECHNIK<\/strong><br \/>\nPhotoshop, InDesign, Illustrator, Flash, XHTML, PHP, Javascript, Klebstoff, Stichs\u00e4ge, etc.<\/p>\n<p>&nbsp;<\/p>\n","protected":false},"excerpt":{"rendered":"<p>Nebenberuflich habe ich \u00fcber 10 Jahre als freier Dozent Mediengestalter und Fachinformatiker (IHK) ausgebildet und dabei zahlreiche Lernsoftwarekomponenten f\u00fcr.<\/p>\n","protected":false},"author":1,"featured_media":0,"parent":188,"menu_order":0,"comment_status":"closed","ping_status":"closed","template":"layout-sidebar-content.php","meta":[],"_links":{"self":[{"href":"https:\/\/www.moderneseiten.de\/newmodsite\/wp-json\/wp\/v2\/pages\/527"}],"collection":[{"href":"https:\/\/www.moderneseiten.de\/newmodsite\/wp-json\/wp\/v2\/pages"}],"about":[{"href":"https:\/\/www.moderneseiten.de\/newmodsite\/wp-json\/wp\/v2\/types\/page"}],"author":[{"embeddable":true,"href":"https:\/\/www.moderneseiten.de\/newmodsite\/wp-json\/wp\/v2\/users\/1"}],"replies":[{"embeddable":true,"href":"https:\/\/www.moderneseiten.de\/newmodsite\/wp-json\/wp\/v2\/comments?post=527"}],"version-history":[{"count":14,"href":"https:\/\/www.moderneseiten.de\/newmodsite\/wp-json\/wp\/v2\/pages\/527\/revisions"}],"predecessor-version":[{"id":1559,"href":"https:\/\/www.moderneseiten.de\/newmodsite\/wp-json\/wp\/v2\/pages\/527\/revisions\/1559"}],"up":[{"embeddable":true,"href":"https:\/\/www.moderneseiten.de\/newmodsite\/wp-json\/wp\/v2\/pages\/188"}],"wp:attachment":[{"href":"https:\/\/www.moderneseiten.de\/newmodsite\/wp-json\/wp\/v2\/media?parent=527"}],"curies":[{"name":"wp","href":"https:\/\/api.w.org\/{rel}","templated":true}]}}