{"id":867,"date":"2014-10-15T13:42:55","date_gmt":"2014-10-15T11:42:55","guid":{"rendered":"http:\/\/www.moderneseiten.de\/newmodsite\/?page_id=867"},"modified":"2014-10-31T20:28:48","modified_gmt":"2014-10-31T18:28:48","slug":"chemistry-physics","status":"publish","type":"page","link":"https:\/\/www.moderneseiten.de\/newmodsite\/chemistry-physics\/","title":{"rendered":"chemistry &#038; physics"},"content":{"rendered":"<p>&nbsp;<\/p>\n<h2><a title=\"Series: Studienstarter \u2014 Charit\u00e9 Berlin \u2014 Title: Titration\" href=\"http:\/\/www.moderneseiten.de\/newmodsite\/2011\/09\/01\/reihe-studienstarter-charite-berlin-titel-titration\/\">Series: Studienstarter \u2014 Charit\u00e9 Berlin \u2014 Title: Titration<\/a><\/h2>\n<h6><a title=\"Series: Studienstarter \u2014 Charit\u00e9 Berlin \u2014 Title: Titration\" href=\"http:\/\/www.moderneseiten.de\/newmodsite\/2011\/09\/01\/reihe-studienstarter-charite-berlin-titel-titration\/\">[&#8230;] \u2192 \u2192 \u2192<\/a><\/h6>\n<p><a title=\"Series: Studienstarter \u2014 Charit\u00e9 Berlin \u2014 Title: Titration\" href=\"http:\/\/www.moderneseiten.de\/newmodsite\/2011\/09\/01\/reihe-studienstarter-charite-berlin-titel-titration\/\"><img decoding=\"async\" loading=\"lazy\" class=\"alignnone wp-image-1139 size-thumbnail\" style=\"max-width: 300px;\" src=\"http:\/\/www.moderneseiten.de\/newmodsite\/wp-content\/uploads\/2014\/10\/titration_7-300x236.jpg\" alt=\"\" width=\"300\" height=\"236\" srcset=\"https:\/\/www.moderneseiten.de\/newmodsite\/wp-content\/uploads\/2014\/10\/titration_7-300x236.jpg 300w, https:\/\/www.moderneseiten.de\/newmodsite\/wp-content\/uploads\/2014\/10\/titration_7-620x488.jpg 620w, https:\/\/www.moderneseiten.de\/newmodsite\/wp-content\/uploads\/2014\/10\/titration_7.jpg 825w\" sizes=\"(max-width: 300px) 100vw, 300px\" \/><img decoding=\"async\" loading=\"lazy\" class=\"alignnone wp-image-1135 size-thumbnail\" style=\"max-width: 300px;\" src=\"http:\/\/www.moderneseiten.de\/newmodsite\/wp-content\/uploads\/2014\/10\/titration_3-300x236.jpg\" alt=\"\" width=\"300\" height=\"236\" srcset=\"https:\/\/www.moderneseiten.de\/newmodsite\/wp-content\/uploads\/2014\/10\/titration_3-300x236.jpg 300w, https:\/\/www.moderneseiten.de\/newmodsite\/wp-content\/uploads\/2014\/10\/titration_3-620x488.jpg 620w, https:\/\/www.moderneseiten.de\/newmodsite\/wp-content\/uploads\/2014\/10\/titration_3.jpg 825w\" sizes=\"(max-width: 300px) 100vw, 300px\" \/><\/a><\/p>\n<p>9\/2011- Cornelsen Schulverlage GmbH Berlin &#8211; editoral department: chemistry\/physics &#8211; Series: Studienstarter &#8211; Charit\u00e9 Berlin &#8211; Titration<\/p>\n<p><em>programming, design, realisation:<\/em> Sven Lochmann\/moderneseiten.de<br \/>\n<em>final concept:<\/em> Sven Lochmann\/moderneseiten.de and Dr. David Richter<br \/>\n<em>author, idea, basic concept and editorial:<\/em> Dr. David Richter<\/p>\n<p>2011 (online project of Charit\u00e9, Berlin &#8211; &#8222;Br\u00fcckenkurse f\u00fcr angehende Medizinerinnen und Mediziner&#8220; &#8211; <a title=\"http:\/\/www.charite.de\/studium_lehre\/aktuelles\/artikel\/detail\/brueckenkurse_fuer_angehende_medizinerinnen_und_mediziner\/\" href=\"http:\/\/www.charite.de\/studium_lehre\/aktuelles\/artikel\/detail\/brueckenkurse_fuer_angehende_medizinerinnen_und_mediziner\/http:\/\/www.charite.de\/\" target=\"_blank\">http:\/\/www.charite.de\/<\/a>)<\/p>\n<p>&nbsp;<\/p>\n<p>&nbsp;<\/p>\n<p>&nbsp;<\/p>\n<p>&nbsp;<\/p>\n<p>&nbsp;<\/p>\n<h2><a title=\"Series: Studienstarter \u2014 Charit\u00e9 Berlin \u2014 Title: Dynamisches Gleichgewicht\" href=\"http:\/\/www.moderneseiten.de\/newmodsite\/2010\/11\/01\/reihe-studienstarter-charite-berlin-titel-dynamisches-gleichgewicht\/\">Series: Studienstarter \u2014 Charit\u00e9 Berlin \u2014 Title: Dynamisches Gleichgewicht<\/a><\/h2>\n<h6><a title=\"Series: Studienstarter \u2014 Charit\u00e9 Berlin \u2014 Title: Dynamisches Gleichgewicht\" href=\"http:\/\/www.moderneseiten.de\/newmodsite\/2010\/11\/01\/reihe-studienstarter-charite-berlin-titel-dynamisches-gleichgewicht\/\">[&#8230;] \u2192 \u2192 \u2192<\/a><\/h6>\n<p><a title=\"Series: Studienstarter \u2014 Charit\u00e9 Berlin \u2014 Title: Dynamisches Gleichgewicht\" href=\"http:\/\/www.moderneseiten.de\/newmodsite\/2010\/11\/01\/reihe-studienstarter-charite-berlin-titel-dynamisches-gleichgewicht\/\"><img decoding=\"async\" loading=\"lazy\" class=\"alignnone wp-image-1153 size-thumbnail\" style=\"max-width: 300px;\" src=\"http:\/\/www.moderneseiten.de\/newmodsite\/wp-content\/uploads\/2014\/10\/dyn_gw_10-300x236.jpg\" alt=\"\" width=\"300\" height=\"236\" srcset=\"https:\/\/www.moderneseiten.de\/newmodsite\/wp-content\/uploads\/2014\/10\/dyn_gw_10-300x236.jpg 300w, https:\/\/www.moderneseiten.de\/newmodsite\/wp-content\/uploads\/2014\/10\/dyn_gw_10-620x488.jpg 620w, https:\/\/www.moderneseiten.de\/newmodsite\/wp-content\/uploads\/2014\/10\/dyn_gw_10.jpg 825w\" sizes=\"(max-width: 300px) 100vw, 300px\" \/><img decoding=\"async\" loading=\"lazy\" class=\"alignnone wp-image-1144 size-thumbnail\" style=\"max-width: 300px;\" src=\"http:\/\/www.moderneseiten.de\/newmodsite\/wp-content\/uploads\/2014\/10\/dyn_gw_1-300x236.jpg\" alt=\"\" width=\"300\" height=\"236\" srcset=\"https:\/\/www.moderneseiten.de\/newmodsite\/wp-content\/uploads\/2014\/10\/dyn_gw_1-300x236.jpg 300w, https:\/\/www.moderneseiten.de\/newmodsite\/wp-content\/uploads\/2014\/10\/dyn_gw_1-620x488.jpg 620w, https:\/\/www.moderneseiten.de\/newmodsite\/wp-content\/uploads\/2014\/10\/dyn_gw_1.jpg 825w\" sizes=\"(max-width: 300px) 100vw, 300px\" \/><\/a><br \/>\n11\/2010-\u00a0Cornelsen Schulverlage GmbH Berlin &#8211; editoral department: chemistry\/physics &#8211; Series: Studienstarter &#8211; Charit\u00e9 Berlin &#8211; Dynamisches Gleichgewicht<\/p>\n<p><em>programming, design, realisation:<\/em> Sven Lochmann\/moderneseiten.de<br \/>\n<em>final concept:<\/em> Sven Lochmann\/moderneseiten.de and Dr. David Richter<br \/>\n<em>author, idea, basic concept and editorial:<\/em> Dr. David Richter<\/p>\n<p>2011 (online project of Charit\u00e9, Berlin &#8211; &#8222;Br\u00fcckenkurse f\u00fcr angehende Medizinerinnen und Mediziner&#8220; &#8211; <a title=\"http:\/\/www.charite.de\/studium_lehre\/aktuelles\/artikel\/detail\/brueckenkurse_fuer_angehende_medizinerinnen_und_mediziner\/\" href=\"http:\/\/www.charite.de\/studium_lehre\/aktuelles\/artikel\/detail\/brueckenkurse_fuer_angehende_medizinerinnen_und_mediziner\/http:\/\/www.charite.de\/\" target=\"_blank\">http:\/\/www.charite.de\/<\/a>)<\/p>\n<p>&nbsp;<\/p>\n<p>&nbsp;<\/p>\n<p>&nbsp;<\/p>\n<p>&nbsp;<\/p>\n<p>&nbsp;<\/p>\n","protected":false},"excerpt":{"rendered":"<p>&nbsp; Series: Studienstarter \u2014 Charit\u00e9 Berlin \u2014 Title: Titration [&#8230;] \u2192 \u2192 \u2192 9\/2011- Cornelsen Schulverlage GmbH Berlin &#8211;.<\/p>\n","protected":false},"author":1,"featured_media":0,"parent":0,"menu_order":0,"comment_status":"closed","ping_status":"closed","template":"layout-sidebar-content.php","meta":[],"_links":{"self":[{"href":"https:\/\/www.moderneseiten.de\/newmodsite\/wp-json\/wp\/v2\/pages\/867"}],"collection":[{"href":"https:\/\/www.moderneseiten.de\/newmodsite\/wp-json\/wp\/v2\/pages"}],"about":[{"href":"https:\/\/www.moderneseiten.de\/newmodsite\/wp-json\/wp\/v2\/types\/page"}],"author":[{"embeddable":true,"href":"https:\/\/www.moderneseiten.de\/newmodsite\/wp-json\/wp\/v2\/users\/1"}],"replies":[{"embeddable":true,"href":"https:\/\/www.moderneseiten.de\/newmodsite\/wp-json\/wp\/v2\/comments?post=867"}],"version-history":[{"count":4,"href":"https:\/\/www.moderneseiten.de\/newmodsite\/wp-json\/wp\/v2\/pages\/867\/revisions"}],"predecessor-version":[{"id":1367,"href":"https:\/\/www.moderneseiten.de\/newmodsite\/wp-json\/wp\/v2\/pages\/867\/revisions\/1367"}],"wp:attachment":[{"href":"https:\/\/www.moderneseiten.de\/newmodsite\/wp-json\/wp\/v2\/media?parent=867"}],"curies":[{"name":"wp","href":"https:\/\/api.w.org\/{rel}","templated":true}]}}