{"id":913,"date":"2014-10-23T11:02:37","date_gmt":"2014-10-23T09:02:37","guid":{"rendered":"http:\/\/www.moderneseiten.de\/newmodsite\/?page_id=913"},"modified":"2018-09-06T18:30:58","modified_gmt":"2018-09-06T16:30:58","slug":"sven-lochmann","status":"publish","type":"page","link":"https:\/\/www.moderneseiten.de\/newmodsite\/profil\/sven-lochmann\/","title":{"rendered":"Sven Lochmann"},"content":{"rendered":"<p>Seit 2004 konzentriere ich mich unter dem Label moderneseiten.de schwerpunktm\u00e4\u00dfig auf die Erstellung von Lernsoftware und interaktiven Simulationen. Meine Arbeiten kommen in Schulen, bei Verlagen und Museen zum Einsatz.<\/p>\n<p>Von 1999-2004 als Teilhaber und Gesch\u00e4ftsf\u00fchrer von seven of nine media im Verbund der B\u00fcrogemeinschaft Haus des Lehrers am Alexanderplatz in Berlin.<\/p>\n<p>Seit 1999 arbeite ich als selbst\u00e4ndiger Multimedia-Producer.<\/p>\n<p>Nebenberuflich habe ich zudem \u00fcber 10 Jahre als freier Dozent Mediengestalter und Fachinformatiker (IHK) ausgebildet und dabei zahlreiche Lernsoftwarekomponenten f\u00fcr den Unterricht entwickelt und eingesetzt.<\/p>\n<p>Durch meine Ausbildung und meinen beruflichen Werdegang zwischen Architektur, Informatik und Design sind f\u00fcr mich Gestaltung und Programmierung, Konzeption und Realisation immer untrennbar miteinander verbunden. Die einzelnen Disziplinen beeinflussen und bereichern sich im Entwicklungsprozess gegenseitig.<\/p>\n<p>Durch diesen interdisziplin\u00e4ren Ansatz kann ich den kreativen Entwicklungsprozess und die Zusammenarbeit mit Auftraggebern, Autoren und Produktionsteams aus verschiedensten Fachbereichen optimal unterst\u00fctzen.<\/p>\n<p>Meine Leistungen umfassen die komplette Beratung und Umsetzung des Projekts in allen Projektphasen, von der Konzeption \u00fcber die Gestaltung bis zur Programmierung.<\/p>\n<p>Mein fachlicher Hintergrund:<br \/>\nNeben meinem Studienabschluss Bachelor of Science (B. Sc.) in Computer Science and Media Application<br \/>\nhabe ich eine berufliche Ausbildung zum Multimedia-Producer absolviert. Au\u00dferdem: viele Jahre auf der Yoga-Matte.<\/p>\n<p><img decoding=\"async\" loading=\"lazy\" class=\"alignnone wp-image-940 size-thumbnail\" src=\"http:\/\/www.moderneseiten.de\/newmodsite\/wp-content\/uploads\/2014\/10\/portrait20141023a-300x168.png\" alt=\"portrait20141023a\" width=\"300\" height=\"168\" srcset=\"https:\/\/www.moderneseiten.de\/newmodsite\/wp-content\/uploads\/2014\/10\/portrait20141023a-300x168.png 300w, https:\/\/www.moderneseiten.de\/newmodsite\/wp-content\/uploads\/2014\/10\/portrait20141023a-620x349.png 620w, https:\/\/www.moderneseiten.de\/newmodsite\/wp-content\/uploads\/2014\/10\/portrait20141023a.png 922w\" sizes=\"(max-width: 300px) 100vw, 300px\" \/><\/p>\n<p><a title=\"moderneseiten.de\" href=\"http:\/\/www.moderneseiten.de\/newmodsite\/profil\/moderneseiten-de-de\/\">moderneseiten.de<\/a> <span style=\"color: #ff9900;\">\/<\/span> <a title=\"Referenzen\" href=\"http:\/\/www.moderneseiten.de\/newmodsite\/profil\/referenzen\/\">Referenzen<\/a><\/p>\n","protected":false},"excerpt":{"rendered":"<p>Seit 2004 konzentriere ich mich unter dem Label moderneseiten.de schwerpunktm\u00e4\u00dfig auf die Erstellung von Lernsoftware und interaktiven Simulationen. Meine.<\/p>\n","protected":false},"author":1,"featured_media":0,"parent":161,"menu_order":0,"comment_status":"closed","ping_status":"closed","template":"layout-sidebar-content.php","meta":[],"_links":{"self":[{"href":"https:\/\/www.moderneseiten.de\/newmodsite\/wp-json\/wp\/v2\/pages\/913"}],"collection":[{"href":"https:\/\/www.moderneseiten.de\/newmodsite\/wp-json\/wp\/v2\/pages"}],"about":[{"href":"https:\/\/www.moderneseiten.de\/newmodsite\/wp-json\/wp\/v2\/types\/page"}],"author":[{"embeddable":true,"href":"https:\/\/www.moderneseiten.de\/newmodsite\/wp-json\/wp\/v2\/users\/1"}],"replies":[{"embeddable":true,"href":"https:\/\/www.moderneseiten.de\/newmodsite\/wp-json\/wp\/v2\/comments?post=913"}],"version-history":[{"count":13,"href":"https:\/\/www.moderneseiten.de\/newmodsite\/wp-json\/wp\/v2\/pages\/913\/revisions"}],"predecessor-version":[{"id":1612,"href":"https:\/\/www.moderneseiten.de\/newmodsite\/wp-json\/wp\/v2\/pages\/913\/revisions\/1612"}],"up":[{"embeddable":true,"href":"https:\/\/www.moderneseiten.de\/newmodsite\/wp-json\/wp\/v2\/pages\/161"}],"wp:attachment":[{"href":"https:\/\/www.moderneseiten.de\/newmodsite\/wp-json\/wp\/v2\/media?parent=913"}],"curies":[{"name":"wp","href":"https:\/\/api.w.org\/{rel}","templated":true}]}}