{"id":917,"date":"2014-10-23T11:05:02","date_gmt":"2014-10-23T09:05:02","guid":{"rendered":"http:\/\/www.moderneseiten.de\/newmodsite\/?page_id=917"},"modified":"2014-10-30T18:01:59","modified_gmt":"2014-10-30T16:01:59","slug":"references","status":"publish","type":"page","link":"https:\/\/www.moderneseiten.de\/newmodsite\/profile\/references\/","title":{"rendered":"references"},"content":{"rendered":"<p><strong>(selection)<\/strong><\/p>\n<p><strong>absolution PR <\/strong>\u2013 B\u00fcro f\u00fcr Public Relations | Berlin, <strong>Antonio Prudente<\/strong> \u2013 Illustration | M\u00fcnchen, <strong>ART-DIVISION<\/strong> \u2013 PHOTOGRAPHERS&#8216; AGENCY | M\u00fcnchen, <strong>Cham\u00e4leon Variet\u00e9 GmbH<\/strong> | Berlin, <strong>cimdata GmbH<\/strong> \u2013 Medienakademie | Berlin, <strong>Cornelsen Schulverlage GmbH<\/strong> | Berlin, <strong>Deutsches Historisches Museum DHM<\/strong> | Berlin, <strong>IBB \u2013 <\/strong>Institut f\u00fcr Berufliche Bildung AG | Buxtehude, <strong>indisoft-upgrade GmbH<\/strong> | Berlin, <strong>Isabel Klett<\/strong> \u2013 Illustration | Barcelona, <strong>LOOX AGENCY INTERNATIONAL<\/strong> \u2013 Agency for Hair and Make-Up, Consulting, Art direction, Food- and Set-Design | M\u00fcnchen, <strong>MR Congress &amp; Incentive GmbH<\/strong> | Berlin, <strong>Neue Gesellschaft f\u00fcr Bildende Kunst NGBK<\/strong> \u2013 Berlin, <strong>publictiy rooms \u2013 <\/strong>PR Agentur | M\u00fcnchen, <strong>PUSCHBERLIN<\/strong> \u2013 Werbeagentur | Berlin, <strong>Ulf B\u00fcschleb<\/strong> \u2013 Fotografie &amp; Postproduction | Berlin<\/p>\n<p><a title=\"Sven Lochmann\" href=\"http:\/\/www.moderneseiten.de\/newmodsite\/profile\/sven-lochmann-en\/\">moderneseiten.de<\/a> <span style=\"color: #ff9900;\">\/<\/span> <a title=\"Sven Lochmann\" href=\"http:\/\/www.moderneseiten.de\/newmodsite\/profile\/sven-lochmann-en\/\">Sven Lochmann<\/a><\/p>\n","protected":false},"excerpt":{"rendered":"<p>(selection) absolution PR \u2013 B\u00fcro f\u00fcr Public Relations | Berlin, Antonio Prudente \u2013 Illustration | M\u00fcnchen, ART-DIVISION \u2013 PHOTOGRAPHERS&#8216;.<\/p>\n","protected":false},"author":1,"featured_media":0,"parent":877,"menu_order":0,"comment_status":"closed","ping_status":"closed","template":"layout-sidebar-content.php","meta":[],"_links":{"self":[{"href":"https:\/\/www.moderneseiten.de\/newmodsite\/wp-json\/wp\/v2\/pages\/917"}],"collection":[{"href":"https:\/\/www.moderneseiten.de\/newmodsite\/wp-json\/wp\/v2\/pages"}],"about":[{"href":"https:\/\/www.moderneseiten.de\/newmodsite\/wp-json\/wp\/v2\/types\/page"}],"author":[{"embeddable":true,"href":"https:\/\/www.moderneseiten.de\/newmodsite\/wp-json\/wp\/v2\/users\/1"}],"replies":[{"embeddable":true,"href":"https:\/\/www.moderneseiten.de\/newmodsite\/wp-json\/wp\/v2\/comments?post=917"}],"version-history":[{"count":5,"href":"https:\/\/www.moderneseiten.de\/newmodsite\/wp-json\/wp\/v2\/pages\/917\/revisions"}],"predecessor-version":[{"id":1258,"href":"https:\/\/www.moderneseiten.de\/newmodsite\/wp-json\/wp\/v2\/pages\/917\/revisions\/1258"}],"up":[{"embeddable":true,"href":"https:\/\/www.moderneseiten.de\/newmodsite\/wp-json\/wp\/v2\/pages\/877"}],"wp:attachment":[{"href":"https:\/\/www.moderneseiten.de\/newmodsite\/wp-json\/wp\/v2\/media?parent=917"}],"curies":[{"name":"wp","href":"https:\/\/api.w.org\/{rel}","templated":true}]}}